{"id":2565,"date":"2019-11-22T06:26:19","date_gmt":"2019-11-22T05:26:19","guid":{"rendered":"http:\/\/etvenns.at.w014cfea.kasserver.com\/web\/?page_id=2565"},"modified":"2019-11-22T06:29:40","modified_gmt":"2019-11-22T05:29:40","slug":"motoriktraining","status":"publish","type":"page","link":"https:\/\/etvenns.at\/web\/motoriktraining\/","title":{"rendered":"Motoriktraining"},"content":{"rendered":"<p>Um die Spielerinnen und Spieler fr\u00fchestm\u00f6glich an die komplexen Bewegungsabl\u00e4ufe im Tennissport heranzuf\u00fchren, spielt das Motoriktrianing schon im Kindesalter eine bedeutende Rolle. Dieses Training f\u00f6rdert erwiesenerma\u00dfen das effektivere und schnellere Erlernen der unterschiedlichen Techniken.<\/p><h2 class=\"wp-block-heading\">Schwerpunkte<\/h2><ul class=\"wp-block-list\"><li>schnelligkeitsf\u00f6rdernde Spiele<\/li><li>Kr\u00e4ftigung und Stabilisation f\u00fcr eine optimale K\u00f6rperhaltung<\/li><li>St\u00e4rkung der Ausdauer und der Konzentration<\/li><li>Koordinations\u00fcbungen (Gleichgewicht, Reaktionsf\u00e4higkeit, usw.)<\/li><li>Verbesserung der Mobilit\u00e4t, Flexibilit\u00e4t und Beweglichkeit<\/li><li>Steigerung des Teamgeists und der Motivation durch \u00dcbungen und Spiele<\/li><\/ul><blockquote class=\"wp-block-quote is-layout-flow wp-block-quote-is-layout-flow\"><p>Bei Interesse bitte direkt mit <strong>Roland Kern<\/strong> unter <strong>Tel. +43 676 7299807<\/strong> Kontakt aufnehmen! <\/p><\/blockquote>","protected":false},"excerpt":{"rendered":"<p>Mit den richtigen Koordinations\u00fcbungen werden die Kleinen ganz schnell zu gro\u00dfen Spielern und die Gro\u00dfen verbessern ihre Technik.<\/p>\n","protected":false},"author":1,"featured_media":0,"parent":0,"menu_order":0,"comment_status":"closed","ping_status":"closed","template":"template-fullwidth.php","meta":{"footnotes":""},"class_list":["post-2565","page","type-page","status-publish","hentry"],"_links":{"self":[{"href":"https:\/\/etvenns.at\/web\/wp-json\/wp\/v2\/pages\/2565"}],"collection":[{"href":"https:\/\/etvenns.at\/web\/wp-json\/wp\/v2\/pages"}],"about":[{"href":"https:\/\/etvenns.at\/web\/wp-json\/wp\/v2\/types\/page"}],"author":[{"embeddable":true,"href":"https:\/\/etvenns.at\/web\/wp-json\/wp\/v2\/users\/1"}],"replies":[{"embeddable":true,"href":"https:\/\/etvenns.at\/web\/wp-json\/wp\/v2\/comments?post=2565"}],"version-history":[{"count":2,"href":"https:\/\/etvenns.at\/web\/wp-json\/wp\/v2\/pages\/2565\/revisions"}],"predecessor-version":[{"id":2569,"href":"https:\/\/etvenns.at\/web\/wp-json\/wp\/v2\/pages\/2565\/revisions\/2569"}],"wp:attachment":[{"href":"https:\/\/etvenns.at\/web\/wp-json\/wp\/v2\/media?parent=2565"}],"curies":[{"name":"wp","href":"https:\/\/api.w.org\/{rel}","templated":true}]}}