{"id":21,"date":"2016-02-12T08:10:47","date_gmt":"2016-02-12T08:10:47","guid":{"rendered":"http:\/\/demos.famethemes.com\/onepress-plus\/?page_id=21"},"modified":"2026-03-09T16:26:59","modified_gmt":"2026-03-09T15:26:59","slug":"mitgliedschaft","status":"publish","type":"page","link":"https:\/\/etvenns.at\/web\/mitgliedschaft\/","title":{"rendered":"Mitglied werden"},"content":{"rendered":"<p>Werde Mitglied beim ETV Enns &#8222;1874&#8220; auf einer der sch\u00f6nsten Tennisanlagen Ober\u00f6sterreichs! Hier findest du unsere Mitgliedsbeitr\u00e4ge und Geb\u00fchren. <br \/>F\u00fcr eine Mitgliedschaft brauchst du nur die <a href=\"http:\/\/etvenns.at\/web\/wp-content\/uploads\/2026\/03\/Beitrittserklaerung-2026.pdf\">Beitrittserkl\u00e4rung 2026<\/a> \u00a0auszuf\u00fcllen und an office@etvenns.at zu senden. Bitte gleichzeitig auch in unserem <a href=\"https:\/\/reservierung.etvenns.at\/reservierung\">Online-Reservierungssystem<\/a> registrieren.\u00a0<br \/>Die Umstellung im System auf &#8222;Mitglied&#8220; wird erst vorgenommen, wenn die Beitrittserkl\u00e4rung eingelangt ist.<\/p>\n<blockquote>\n<p>Unser Sektionsleiter Helfried Ofner steht f\u00fcr weitere Informationen gerne zur Verf\u00fcgung:<br \/>Telefon +43 664 2102092 oder\u00a0<a href=\"mailto:helfried.ofner@etvenns.at\">helfried.ofner@etvenns.at\u00a0<\/a><\/p>\n<\/blockquote>\n<table border=\"1\" width=\"100%\" cellspacing=\"1\" cellpadding=\"4\">\n<thead>\n<tr>\n<th style=\"text-align: left;\"><b>MITGLIEDSBEITR\u00c4GE UND GEB\u00dcHREN<\/b><\/th>\n<th align=\"right\">\u00a0<\/th>\n<\/tr>\n<\/thead>\n<tbody>\n<tr>\n<td align=\"left\"><strong>Erwachsene<\/strong> (Vollmitglieder)<\/td>\n<td align=\"right\">210,00<\/td>\n<\/tr>\n<tr>\n<td align=\"left\"><strong>Unterst\u00fctzende Mitglieder<\/strong><\/td>\n<td align=\"right\">105,00<\/td>\n<\/tr>\n<tr>\n<td align=\"left\"><strong>Studenten,\u00a0Pr\u00e4senz- und Zivildiener<\/strong> (bis 26 J.)<\/td>\n<td align=\"right\">135,00<\/td>\n<\/tr>\n<tr>\n<td align=\"left\"><strong>Jugendliche<\/strong> (bis 18 J.)<\/td>\n<td align=\"right\">80,00<\/td>\n<\/tr>\n<tr>\n<td align=\"left\"><strong>Kinder<\/strong> (bis 15 J.)<\/td>\n<td align=\"right\">40,00<\/td>\n<\/tr>\n<tr>\n<td align=\"left\"><strong>Minis<\/strong> (bis 7 J.)<\/td>\n<td align=\"right\">15,00<\/td>\n<\/tr>\n<tr>\n<td align=\"left\">Platzgeb\u00fchr f\u00fcr G\u00e4ste<\/td>\n<td align=\"right\">20,00<\/td>\n<\/tr>\n<tr>\n<td align=\"left\">Platzgeb\u00fchr f\u00fcr unterst\u00fctzende Mitglieder<\/td>\n<td align=\"right\">10,00<\/td>\n<\/tr>\n<tr>\n<td align=\"left\">\u00a0<\/td>\n<td align=\"right\">\u00a0<\/td>\n<\/tr>\n<\/tbody>\n<\/table>\n<p>Kontoverbindung: Hypo Ober\u00f6sterreich, <strong>IBAN<\/strong><b> AT21 5400 0000 0055 9781<\/b><br \/>Empf\u00e4nger: Eislauf- und Tennisverein Enns 1874<\/p>\n<h3>Unterst\u00fctzende Mitglieder<\/h3>\n<p>k\u00f6nnen nur au\u00dferhalb der Hauptspielzeit einen Platz reservieren und m\u00fcssen eine Platzgeb\u00fchr in der H\u00f6he von EUR 10,00 pro Stunde und Platz entrichten (EUR 5,00 pro Stunde, wenn mit einem Vollmitglied gespielt wird).<\/p>\n<h3>Kinder- und Jugendf\u00f6rderung<\/h3>\n<p>Bei einem Elternteil (Vollmitglied) und einem Kind oder Jugendlichen ist jedes weitere Kind bis 15 Jahre beitragsfrei.<\/p>\n<h3>Elterneinstiegsbonus<\/h3>\n<p>Eltern eines Kindes, das bereits Mitglied beim ETV ist oder ein neues Mitglied wird, zahlen bei Neuanmeldung im ersten Jahr nur die H\u00e4lfte des Mitgliedsbeitrages.<\/p><h3 class=\"wp-block-heading\">Downloads<\/h3><p><a href=\"http:\/\/etvenns.at\/web\/wp-content\/uploads\/2023\/04\/Spiel-und-Platzordnung-2023.pdf\"><strong>Spiel- und Platzordnung<\/strong><\/a><\/p><p><strong><a href=\"http:\/\/etvenns.at\/web\/wp-content\/uploads\/2026\/03\/Beitrittserklaerung-2026.pdf\">Beitrittserkl\u00e4rung 2026<\/a><\/strong><\/p><div class=\"wp-block-file\"><a id=\"wp-block-file--media-f262ceb4-be38-468c-bbde-aeaafb83367a\" href=\"http:\/\/etvenns.at\/web\/wp-content\/uploads\/2019\/11\/Datenschutzerklaerung.pdf\">Datenschutzerklaerung<\/a><a href=\"http:\/\/etvenns.at\/web\/wp-content\/uploads\/2019\/11\/Datenschutzerklaerung.pdf\" class=\"wp-block-file__button wp-element-button\" download aria-describedby=\"wp-block-file--media-f262ceb4-be38-468c-bbde-aeaafb83367a\">Herunterladen<\/a><\/div><div class=\"wp-block-file\"><a id=\"wp-block-file--media-e27d4500-cc5d-4088-ba73-a723e4d7f723\" href=\"http:\/\/etvenns.at\/web\/wp-content\/uploads\/2019\/11\/ETV-Enns-Vereinsstatuten.pdf\">ETV-Enns-Vereinsstatuten<\/a><a href=\"http:\/\/etvenns.at\/web\/wp-content\/uploads\/2019\/11\/ETV-Enns-Vereinsstatuten.pdf\" class=\"wp-block-file__button wp-element-button\" download aria-describedby=\"wp-block-file--media-e27d4500-cc5d-4088-ba73-a723e4d7f723\">Herunterladen<\/a><\/div><p><\/p>","protected":false},"excerpt":{"rendered":"<p>Werde Mitglied beim ETV Enns &#8222;1874&#8220; auf einer der sch\u00f6nsten Tennisanlagen Ober\u00f6sterreichs!<\/p>\n","protected":false},"author":2,"featured_media":2128,"parent":0,"menu_order":0,"comment_status":"closed","ping_status":"closed","template":"template-fullwidth.php","meta":{"footnotes":""},"class_list":["post-21","page","type-page","status-publish","has-post-thumbnail","hentry"],"_links":{"self":[{"href":"https:\/\/etvenns.at\/web\/wp-json\/wp\/v2\/pages\/21"}],"collection":[{"href":"https:\/\/etvenns.at\/web\/wp-json\/wp\/v2\/pages"}],"about":[{"href":"https:\/\/etvenns.at\/web\/wp-json\/wp\/v2\/types\/page"}],"author":[{"embeddable":true,"href":"https:\/\/etvenns.at\/web\/wp-json\/wp\/v2\/users\/2"}],"replies":[{"embeddable":true,"href":"https:\/\/etvenns.at\/web\/wp-json\/wp\/v2\/comments?post=21"}],"version-history":[{"count":51,"href":"https:\/\/etvenns.at\/web\/wp-json\/wp\/v2\/pages\/21\/revisions"}],"predecessor-version":[{"id":9474,"href":"https:\/\/etvenns.at\/web\/wp-json\/wp\/v2\/pages\/21\/revisions\/9474"}],"wp:featuredmedia":[{"embeddable":true,"href":"https:\/\/etvenns.at\/web\/wp-json\/wp\/v2\/media\/2128"}],"wp:attachment":[{"href":"https:\/\/etvenns.at\/web\/wp-json\/wp\/v2\/media?parent=21"}],"curies":[{"name":"wp","href":"https:\/\/api.w.org\/{rel}","templated":true}]}}