{"id":1647,"date":"2019-11-19T08:07:18","date_gmt":"2019-11-19T07:07:18","guid":{"rendered":"http:\/\/etvenns.at.w014cfea.kasserver.com\/web\/?page_id=1647"},"modified":"2019-11-26T19:21:48","modified_gmt":"2019-11-26T18:21:48","slug":"impressum","status":"publish","type":"page","link":"https:\/\/etvenns.at\/web\/impressum\/","title":{"rendered":"Impressum \/ Datenschutz"},"content":{"rendered":"<p><strong>Eislauf- und Tennisverein Enns \u201e1874\u201c Mitglied des \u00d6TV<\/strong><br>Eichbergstra\u00dfe 5<br>A-4470 Enns<br>Tel. +43 (7223) 82595<br>E-Mail:&nbsp;<a href=\"mailto:etv.enns@aon.at\">office@etvenns.at<\/a><\/p><p><em>ZVR:<\/em>&nbsp;164173729<\/p><div class=\"wp-block-file\"><a href=\"http:\/\/etvenns.at\/web\/wp-content\/uploads\/2019\/11\/Auszug-aus-dem-Vereinsregister-ETV_2019.pdf\">Auszug-aus-dem-Vereinsregister-ETV_2019<\/a><a href=\"http:\/\/etvenns.at\/web\/wp-content\/uploads\/2019\/11\/Auszug-aus-dem-Vereinsregister-ETV_2019.pdf\" class=\"wp-block-file__button\" download>Herunterladen<\/a><\/div><p><strong>Anonyme Datenerhebung<\/strong><\/p><p>Sie k\u00f6nnen unsere Webseiten grunds\u00e4tzlich besuchen, ohne uns mitzuteilen, wer Sie sind. Unsere Web-Server speichern automatisch Informationen allgemeiner Natur. Dazu geh\u00f6ren die Art des Webbrowsers, das verwendete Betriebssystem, der Domainnamen Ihres Internet Service Providers, die Webseite, von der aus Sie uns besuchen, die Webseiten, die Sie bei uns besuchen sowie das Datum und die Dauer des Besuches. Hierbei handelt es sich ausschlie\u00dflich um Informationen, welche keine R\u00fcckschl\u00fcsse auf Ihre Person zulassen. Wir werten diese Daten nur f\u00fcr statistische Zwecke und nur in anonymer Form aus.<\/p><p><strong>Erhebung und Verarbeitung personenbezogener Daten<\/strong><\/p><p>Personenbezogene Daten werden nur erhoben, wenn Sie diese von sich aus, zum Beispiel zur Durchf\u00fchrung eines Auftrages, einer Umfrage, eines Preisausschreibens oder einer Registrierung f\u00fcr personalisierte Dienste mitteilen. Dort werden Sie \u00fcber den beabsichtigten Verarbeitungszweck informiert und falls erforderlich um Ihre Zustimmung zur Speicherung gebeten. Ihre Daten werden vor der \u00dcbertragung und Verarbeitung verschl\u00fcsselt, um diese vor dem Zugriff unberechtigter Personen zu sch\u00fctzen. Die Inhalte der in den Formularen als Pflichtfelder gekennzeichneten Felder sowie &#8211; soweit sie angegeben sind &#8211; die optionalen Angaben werden ausschlie\u00dflich zur Bearbeitung Ihrer Anfrage lokal gespeichert oder anderweitig verarbeitet. Eine Weitergabe der Daten an Dritte erfolgt nicht.<\/p><p><strong>Nutzung und Weitergabe der erhobenen Daten<\/strong><\/p><p>Die im Rahmen unserer Webseiten erhobenen personenbezogenen Daten werden ohne Ihre Einwilligung nur zur Auftragsabwicklung oder Bearbeitung Ihrer Anfragen genutzt. Ihre Daten werden nicht verkauft, vermietet oder in anderer Weise Dritten zur Verf\u00fcgung gestellt. \u00dcbermittlungen personenbezogener Daten an staatliche Einrichtungen und Beh\u00f6rden erfolgen nur im Rahmen zwingender nationaler Rechtsvorschriften. Unsere Mitarbeiter, Agenturen und H\u00e4ndler sind von uns zur strengster Vertraulichkeit verpflichtet.<\/p><p><strong>Cookies<\/strong><\/p><p>In einigen Bereichen unserer Seiten werden so genannte Cookies eingesetzt. Ein Cookie ist eine kleine Textdatei, die von einer Website auf Ihrer Festplatte abgelegt wird. Cookies richten auf Ihrem Rechner keinen Schaden an und enthalten keine Viren. Die Cookies unserer Internetseiten erheben keinerlei personenbezogene Daten. Die in Cookies enthaltenen Informationen verwenden wir, um Ihnen die Nutzung unserer Seiten zu erleichtern und sie auf Ihre Bed\u00fcrfnisse abzustimmen.&nbsp; Nat\u00fcrlich k\u00f6nnen Sie unsere Webseite auch ohne Cookies betrachten. Falls Sie nicht m\u00f6chten, dass Cookies auf Ihrem Rechner gespeichert werden, k\u00f6nnen Sie die entsprechende Option in den Systemeinstellungen Ihres Browsers deaktivieren. Gespeicherte Cookies k\u00f6nnen Sie in den Systemeinstellungen Ihres Browsers jederzeit l\u00f6schen. Wenn Sie keine Cookies akzeptieren, kann dieses allerdings zu Funktionseinschr\u00e4nkungen unserer Angebote f\u00fchren.<\/p><p><strong>Sicherheit<\/strong><\/p><p>Wir setzten technische und organisatorische Sicherheitsma\u00dfnahmen ein, um Ihre durch uns verwalteten Daten gegen zuf\u00e4llige oder vors\u00e4tzliche Manipulationen, Verlust, Zerst\u00f6rung oder vor dem Zugriff unberechtigter Personen zu sch\u00fctzen. Unsere Sicherheitsma\u00dfnahmen werden entsprechend der technologischen Entwicklung fortlaufend verbessert.<\/p><p><strong>Urheberrecht und Kennzeichenrecht<\/strong><\/p><p>Der Betreiber ist bestrebt, in allen Publikationen die Urheberrechte der verwendeten Texte, Grafiken, Ton- und Videodokumente (Objekte) zu beachten. Verwendete Produktnamen, Warenzeichen und gesch\u00fctzte Warenzeichen sind im Besitz ihrer jeweiligen Eigent\u00fcmer. Eine Verwendung von Warenzeichen auf dieser Website dient lediglich zur Information. Der Betreiber erkennt alle Produktnamen und Warenzeichen an. Das Copyright f\u00fcr ver\u00f6ffentlichte, vom Betreiber selbst erstellte Objekte bleibt allein beim Betreiber. Eine Vervielf\u00e4ltigung oder Verwendung solcher Objekte in anderen elektronischen oder gedruckten Publikationen ist ohne ausdr\u00fcckliche Zustimmung des Betreibers nicht gestattet. Jede weitergehende Nutzung, insbesondere die Speicherung in Datenbanken, Ver\u00f6ffentlichung, Vervielf\u00e4ltigung und jede Form von gewerblicher Nutzung, sowie die Verwendung in Dokumenten bzw. Material und Weitergabe an Dritte &#8211; auch in Teilen oder in \u00fcberarbeiteter Form &#8211; ist ohne vorheriger schriftlicher Zustimmung des Betreibers untersagt. Jede Einbindung einzelner Seiten oder Objekte in fremde Frames ist zu unterlassen.<\/p><p><strong>Haftungsausschluss<\/strong><\/p><p>Der Betreiber akzeptiert keinerlei Haftung gegen\u00fcber Personen oder Firmen bez\u00fcglich des Gebrauchs oder der Verl\u00e4sslichkeit von Informationen und Meinungen, die auf dieser Site wiedergegeben werden. Der Betreiber repr\u00e4sentiert keine der anderen Websites, die \u00fcber diese Website erreicht werden k\u00f6nnen, und \u00fcbernimmt folglich auch keinerlei Verantwortung f\u00fcr Inhalt und Gebrauch solcher Websites oder die darin enthaltenen Informationen. Der Betreiber haftet niemandem gegen\u00fcber f\u00fcr jegliche Form von Verlust oder Schaden, die aus dem Gebrauch oder dem Verlass auf Informationen entstehen, die auf dieser oder verlinkten Websites zu Verf\u00fcgung gestellt werden. Alle Angebote sind freibleibend und unverbindlich. Der Betreiber beh\u00e4lt es sich ausdr\u00fccklich vor, Teile der Seiten oder das gesamte Angebot ohne gesonderte Ank\u00fcndigung zu ver\u00e4ndern, zu erg\u00e4nzen, zu l\u00f6schen oder die Ver\u00f6ffentlichung zeitweise oder endg\u00fcltig einzustellen.<\/p><p><strong>Verweise und Links<\/strong><\/p><p>Der Betreiber erkl\u00e4rt hiermit ausdr\u00fccklich, dass zum Zeitpunkt der Linksetzung die entsprechenden verlinkten Seiten frei von illegalen Inhalten waren. Auf die aktuelle und zuk\u00fcnftige Gestaltung, die Inhalte oder die Urheberschaft der gelinkten, bzw. verkn\u00fcpften Seiten hat der Betreiber keinerlei Einfluss. Deshalb distanziert sich der Betreiber hiermit ausdr\u00fccklich von allen Inhalten aller gelinkten, bzw. verkn\u00fcpften Seiten, die nach der Linksetzung ver\u00e4ndert wurden.<\/p><p>Diese Feststellung gilt f\u00fcr alle innerhalb des eigenen Internetangebotes gesetzten Links und Verweise sowie f\u00fcr Fremdeintr\u00e4ge in von dem Unternehmen eingerichteten Services wie G\u00e4steb\u00fcchern, Diskussionsforen, Mailinglisten und \u00e4hnlichem. F\u00fcr illegale, fehlerhafte oder unvollst\u00e4ndige Inhalte und insbesondere f\u00fcr Sch\u00e4den, die aus der Nutzung oder Nichtnutzung solcherart dargebotener Informationen entstehen, haftet allein der Anbieter der Seite, auf welche verwiesen wurde, nicht derjenige, der \u00fcber Links auf die jeweilige Ver\u00f6ffentlichung lediglich verweist.<\/p><p><strong>Social Plugins, Partnerprogramme<\/strong><\/p><p>Auf unseren Seiten k\u00f6nnen sog. &#8222;Social Plugins&#8220; sozialer Netzwerke wie Facebook, Twitter, Youtube, Instagram, Flickr, etc. verwendet werden. Die Plugins sind an dem Logo des jeweiligen sozialen Netzwerks erkennbar. Sobald Sie eine Website mit aktiviertem Social Plugin besuchen, baut Ihr Browser \u00fcber das Social Plugin eine direkte Verbindung zu den Servern des jeweiligen sozialen Netzwerks auf und \u00fcbermittelt Daten \u00fcber Ihren Besuch an das soziale Netzwerk. Auch wenn Sie kein Mitglied eines der sozialen Netzwerke sind, besteht die M\u00f6glichkeit, dass diese \u00fcber das Social Plugin Daten wie Ihre IP-Adresse erfahren und ggf. speichern. Der Inhalt des Social Plugins wird vom sozialen Netzwerk direkt an Ihren Browser \u00fcbermittelt, der diesen in die besuchte Webseite einbindet. Daher haben wir keinen Einfluss auf den Umfang der durch das Social Plugin erhobenen Daten. Sie k\u00f6nnen eine Daten\u00fcbertragung unterbinden. Passen Sie hierf\u00fcr bitte die Sicherheitseinstellungen in dem von Ihnen genutzten Browser an. Wie dies funktioniert, entnehmen Sie bitte dem Bereich &#8222;Hilfe&#8220; in Ihrem Browser. Weitere Informationen \u00fcber den Zweck und den Umfang der Datenerhebung sowie die weitere Verarbeitung und Nutzung der Daten durch die jeweiligen sozialen Netzwerke, Ihre diesbez\u00fcglichen Rechte sowie Einstellungsm\u00f6glichkeiten zum Schutz Ihrer Privatsph\u00e4re entnehmen Sie bitte den Hinweisen zum Datenschutz der sozialen Netzwerke.<\/p><p>Diese Webseite&nbsp;ist u.U. Teilnehmer am&nbsp;Partnerprogramm von&nbsp;<a href=\"https:\/\/www.amazon.de\/gp\/help\/customer\/display.html\/ref=footer_impressum?ie=UTF8&amp;nodeId=505050\" rel=\"noreferrer noopener\" target=\"_blank\">Amazon EU S.\u00e0 r.l.<\/a>&nbsp;und Partner des Werbeprogramms, das zur Bereitstellung von Funktionen&nbsp;f\u00fcr Websites konzipiert wurde, die&nbsp;durch die Platzierung von Werbeanzeigen und Links zu&nbsp;<a href=\"https:\/\/www.amazon.de\/\">amazon.de<\/a>&nbsp;eine Werbekostenerstattung erzielen k\u00f6nnen. Amazon setzt Cookies ein, um die Herkunft von&nbsp;Bestellungen nachvollziehen zu k\u00f6nnen. Unter anderem kann Amazon erkennen, dass Sie den Partnerlink auf dieser Website geklickt haben. Weitere Informationen zur Datennutzung durch Amazon erhalten Sie in der Amazon.de-Datenschutzerkl\u00e4rung unter&nbsp;<a href=\"https:\/\/www.amazon.de\/gp\/help\/customer\/display.html?nodeId=201909010\">https:\/\/www.amazon.de\/gp\/help\/customer\/display.html?nodeId=201909010<\/a>.<\/p><p><strong>Google Analytics<\/strong><\/p><p>Diese Website benutzt Google Analytics, einen Webanalysedienst der Google Inc. (&#8222;Google&#8220;). Google Analytics verwendet sog. &#8222;Cookies&#8220;, Textdateien, die auf Ihrem Computer gespeichert werden und die eine Analyse Ihrer Benutzung der Webseite&nbsp; erm\u00f6glichen. Die durch den Cookie erzeugten Informationen \u00fcber Ihre Benutzung dieser Webseite (einschlie\u00dflich Ihrer verk\u00fcrzten IP-Adresse) werden an einen Server von Google in den USA \u00fcbertragen und dort gespeichert. Google wird diese Informationen benutzen, um Ihre Nutzung der Webseite auszuwerten, um Reports \u00fcber die Webseitenaktivit\u00e4ten f\u00fcr uns zusammenzustellen und um weitere mit der Webseitennutzung und der Internetnutzung verbundene Dienstleistungen zu erbringen. Auch wird Google diese Informationen gegebenenfalls an Dritte \u00fcbertragen, sofern dies gesetzlich vorgeschrieben ist oder soweit Dritte diese Daten im Auftrag von Google verarbeiten. Sie k\u00f6nnen Google Analytics mittels eines Browser Add-ons deaktivieren, wenn Sie die Webseitenanalyse nicht w\u00fcnschen. Dieses k\u00f6nnen Sie&nbsp;<a href=\"http:\/\/tools.google.com\/dlpage\/gaoptout?hl=de\">hier herunterladen<\/a>.<\/p>","protected":false},"excerpt":{"rendered":"<p>Eislauf- und Tennisverein Enns \u201e1874\u201c Mitglied des \u00d6TVEichbergstra\u00dfe 5A-4470 EnnsTel. +43 (7223) 82595E-Mail:&nbsp;office@etvenns.at ZVR:&nbsp;164173729 Anonyme Datenerhebung Sie k\u00f6nnen unsere Webseiten grunds\u00e4tzlich besuchen, ohne uns mitzuteilen, wer Sie sind. Unsere Web-Server &#8230;<\/p>\n","protected":false},"author":1,"featured_media":0,"parent":0,"menu_order":0,"comment_status":"closed","ping_status":"closed","template":"template-fullwidth.php","meta":{"footnotes":""},"class_list":["post-1647","page","type-page","status-publish","hentry"],"_links":{"self":[{"href":"https:\/\/etvenns.at\/web\/wp-json\/wp\/v2\/pages\/1647"}],"collection":[{"href":"https:\/\/etvenns.at\/web\/wp-json\/wp\/v2\/pages"}],"about":[{"href":"https:\/\/etvenns.at\/web\/wp-json\/wp\/v2\/types\/page"}],"author":[{"embeddable":true,"href":"https:\/\/etvenns.at\/web\/wp-json\/wp\/v2\/users\/1"}],"replies":[{"embeddable":true,"href":"https:\/\/etvenns.at\/web\/wp-json\/wp\/v2\/comments?post=1647"}],"version-history":[{"count":6,"href":"https:\/\/etvenns.at\/web\/wp-json\/wp\/v2\/pages\/1647\/revisions"}],"predecessor-version":[{"id":3583,"href":"https:\/\/etvenns.at\/web\/wp-json\/wp\/v2\/pages\/1647\/revisions\/3583"}],"wp:attachment":[{"href":"https:\/\/etvenns.at\/web\/wp-json\/wp\/v2\/media?parent=1647"}],"curies":[{"name":"wp","href":"https:\/\/api.w.org\/{rel}","templated":true}]}}